{"id":10083,"date":"2020-04-08T16:50:46","date_gmt":"2020-04-08T20:50:46","guid":{"rendered":"https:\/\/erablechagnon.com\/le-saviez-vous\/"},"modified":"2021-11-16T10:23:43","modified_gmt":"2021-11-16T15:23:43","slug":"did-you-know","status":"publish","type":"page","link":"https:\/\/erablechagnon.com\/en\/did-you-know\/","title":{"rendered":"Did you know?"},"content":{"rendered":"\n    \n    <section class=\"u-align-center u-clearfix u-grey-5 u-section-2\" id=\"carousel_268e\">\n      <div class=\"u-clearfix u-sheet u-sheet-1\">\n        <h1 class=\"u-text u-text-palette-2-base u-text-1\">Did you know?<\/h1>\n        <div class=\"u-blog u-expanded-width-xs u-blog-1\">\n          <div class=\"u-repeater u-repeater-1\">\n            <div class=\"u-align-center u-blog-post u-container-style u-repeater-item u-white u-repeater-item-1\">\n              <div class=\"u-container-layout u-similar-container u-valign-top u-container-layout-1\"><a class=\"u-blog-control u-expanded-width u-image u-image-default u-image-1\" href=\"https:\/\/erablechagnon.com\/en\/bienfaits-du-sirop-derable\/\">\n                <img decoding=\"async\" alt=\"\" class=\"u-blog-control u-expanded-width u-image u-image-default u-image-1\" src=\"https:\/\/erablechagnon.com\/wp-content\/uploads\/2020\/08\/slide01.jpg\"><\/a>\n                <h3 class=\"u-blog-control u-custom-font u-font-playfair-display u-text u-text-2\">\n                  <a class=\"u-post-header-link\" href=\"https:\/\/erablechagnon.com\/en\/bienfaits-du-sirop-derable\/\">Benefits of maple syrup<\/a>\n                <\/h3>\n                <div class=\"u-blog-control u-post-content u-text u-text-3\"><p>\nHigh concentration of polyphenols:\n\n\n\nNatural substances that have antioxidant properties and properties that prevent the proliferation of cancer &hellip;<\/p>\n                <\/div>\n                <a href=\"https:\/\/erablechagnon.com\/en\/bienfaits-du-sirop-derable\/\" class=\"u-blog-control u-btn u-button-style u-hover-palette-2-base u-palette-1-light-1 u-btn-1\">LIRE LA SUITE<\/a>\n              <\/div>\n            <\/div>\n            <div class=\"u-align-center u-blog-post u-container-style u-repeater-item u-video-cover u-white u-repeater-item-2\">\n              <div class=\"u-container-layout u-similar-container u-valign-top u-container-layout-2\"><a class=\"u-blog-control u-expanded-width u-image u-image-default u-image-2\" href=\"https:\/\/erablechagnon.com\/en\/utilisation-de-leau-derable-par-les-amerindiens\/\">\n                <img decoding=\"async\" alt=\"\" class=\"u-blog-control u-expanded-width u-image u-image-default u-image-2\" src=\"https:\/\/erablechagnon.com\/wp-content\/uploads\/2020\/08\/54e6d3444f52aa14f6da8c7dda79367d1d38d6ed5b586c4870267cd0944cc251b9_1280.jpg\"><\/a>\n                <h3 class=\"u-blog-control u-custom-font u-font-playfair-display u-text u-text-4\">\n                  <a class=\"u-post-header-link\" href=\"https:\/\/erablechagnon.com\/en\/utilisation-de-leau-derable-par-les-amerindiens\/\">Use of maple water by the Amerindians<\/a>\n                <\/h3>\n                <div class=\"u-blog-control u-post-content u-text u-text-5\"><p>\nNative Americans used maple syrup to cure French colonists of scurvy and to avoid contracting the disease.\n<\/p>\n                <\/div>\n                <a href=\"https:\/\/erablechagnon.com\/en\/utilisation-de-leau-derable-par-les-amerindiens\/\" class=\"u-blog-control u-btn u-button-style u-hover-palette-2-base u-palette-1-light-1 u-btn-2\">LIRE LA SUITE<\/a>\n              <\/div>\n            <\/div>\n            <div class=\"u-align-center u-blog-post u-container-style u-repeater-item u-video-cover u-white u-repeater-item-3\">\n              <div class=\"u-container-layout u-similar-container u-valign-top u-container-layout-3\"><a class=\"u-blog-control u-expanded-width u-image u-image-default u-image-3\" href=\"https:\/\/erablechagnon.com\/en\/transformation-du-sirop-en-beurre\/\">\n                <img decoding=\"async\" alt=\"\" class=\"u-blog-control u-expanded-width u-image u-image-default u-image-3\" src=\"https:\/\/erablechagnon.com\/wp-content\/uploads\/2020\/08\/beurre-d-erable-maison-nouveau5-15.jpeg\"><\/a>\n                <h3 class=\"u-blog-control u-custom-font u-font-playfair-display u-text u-text-6\">\n                  <a class=\"u-post-header-link\" href=\"https:\/\/erablechagnon.com\/en\/transformation-du-sirop-en-beurre\/\">Transformation of syrup into butter<\/a>\n                <\/h3>\n                <div class=\"u-blog-control u-post-content u-text u-text-7\"><p>\nTo turn maple syrup into butter, the syrup must be brought to 233 degrees Fahrenheit. Then, the resulting product is poured into dishes that will &hellip;<\/p>\n                <\/div>\n                <a href=\"https:\/\/erablechagnon.com\/en\/transformation-du-sirop-en-beurre\/\" class=\"u-blog-control u-btn u-button-style u-hover-palette-2-base u-palette-1-light-1 u-btn-3\">LIRE LA SUITE<\/a>\n              <\/div>\n            <\/div>\n            <div class=\"u-align-center u-blog-post u-container-style u-repeater-item u-white u-repeater-item-1\">\n              <div class=\"u-container-layout u-similar-container u-valign-top u-container-layout-1\"><a class=\"u-blog-control u-expanded-width u-image u-image-default u-image-1\" href=\"https:\/\/erablechagnon.com\/en\/transformation-de-leau-derable-en-sirop\/\">\n                <img decoding=\"async\" alt=\"\" class=\"u-blog-control u-expanded-width u-image u-image-default u-image-1\" src=\"https:\/\/erablechagnon.com\/wp-content\/uploads\/2022\/03\/contenant.jpg\"><\/a>\n                <h3 class=\"u-blog-control u-custom-font u-font-playfair-display u-text u-text-2\">\n                  <a class=\"u-post-header-link\" href=\"https:\/\/erablechagnon.com\/en\/transformation-de-leau-derable-en-sirop\/\">Transformation de l\u2019eau d\u2019\u00e9rable en sirop<\/a>\n                <\/h3>\n                <div class=\"u-blog-control u-post-content u-text u-text-3\"><p>\nL\u2019eau d\u2019\u00e9rable r\u00e9colt\u00e9 \u00e0 partir des \u00e9rables suite \u00e0 une diminution de la temp\u00e9rature aux printemps subi une filtration avant d\u2019\u00eatre transform\u00e9 en &hellip;<\/p>\n                <\/div>\n                <a href=\"https:\/\/erablechagnon.com\/en\/transformation-de-leau-derable-en-sirop\/\" class=\"u-blog-control u-btn u-button-style u-hover-palette-2-base u-palette-1-light-1 u-btn-1\">LIRE LA SUITE<\/a>\n              <\/div>\n            <\/div>\n          <\/div>\n        <\/div>\n      <\/div>\n    <\/section>\n    \n    \n  \n","protected":false},"excerpt":{"rendered":"<p>Did you know? Benefits of maple syrup High concentration of polyphenols: Natural substances that have antioxidant properties and properties that prevent the proliferation of cancer &hellip; LIRE LA SUITE Use of maple water by the Amerindians Native Americans used maple syrup to cure French colonists of scurvy and to avoid contracting the disease. LIRE LA &hellip; <a href=\"https:\/\/erablechagnon.com\/en\/did-you-know\/\" class=\"more-link\">Continue reading<span class=\"screen-reader-text\"> &#8220;Did you know?&#8221;<\/span><\/a><\/p>\n","protected":false},"author":30,"featured_media":0,"parent":0,"menu_order":8,"comment_status":"closed","ping_status":"closed","template":"","meta":{"footnotes":""},"aioseo_notices":[],"_links":{"self":[{"href":"https:\/\/erablechagnon.com\/en\/wp-json\/wp\/v2\/pages\/10083"}],"collection":[{"href":"https:\/\/erablechagnon.com\/en\/wp-json\/wp\/v2\/pages"}],"about":[{"href":"https:\/\/erablechagnon.com\/en\/wp-json\/wp\/v2\/types\/page"}],"author":[{"embeddable":true,"href":"https:\/\/erablechagnon.com\/en\/wp-json\/wp\/v2\/users\/30"}],"replies":[{"embeddable":true,"href":"https:\/\/erablechagnon.com\/en\/wp-json\/wp\/v2\/comments?post=10083"}],"version-history":[{"count":2,"href":"https:\/\/erablechagnon.com\/en\/wp-json\/wp\/v2\/pages\/10083\/revisions"}],"predecessor-version":[{"id":10178,"href":"https:\/\/erablechagnon.com\/en\/wp-json\/wp\/v2\/pages\/10083\/revisions\/10178"}],"wp:attachment":[{"href":"https:\/\/erablechagnon.com\/en\/wp-json\/wp\/v2\/media?parent=10083"}],"curies":[{"name":"wp","href":"https:\/\/api.w.org\/{rel}","templated":true}]}}